{"id":386,"date":"2024-05-22T14:18:28","date_gmt":"2024-05-22T12:18:28","guid":{"rendered":"https:\/\/gl-hospitality.com\/hotels\/"},"modified":"2026-03-16T13:06:10","modified_gmt":"2026-03-16T12:06:10","slug":"hotels","status":"publish","type":"page","link":"https:\/\/gl-hospitality.com\/fr\/hotels\/","title":{"rendered":"5 h\u00f4tels en Belgique pour vos s\u00e9jours et r\u00e9unions professionnels, festives et de loisirs"},"content":{"rendered":"","protected":false},"excerpt":{"rendered":"","protected":false},"author":3,"featured_media":314,"parent":0,"menu_order":0,"comment_status":"closed","ping_status":"closed","template":"","meta":{"_acf_changed":false,"footnotes":""},"class_list":["post-386","page","type-page","status-publish","has-post-thumbnail","hentry"],"acf":[],"_links":{"self":[{"href":"https:\/\/gl-hospitality.com\/fr\/wp-json\/wp\/v2\/pages\/386","targetHints":{"allow":["GET"]}}],"collection":[{"href":"https:\/\/gl-hospitality.com\/fr\/wp-json\/wp\/v2\/pages"}],"about":[{"href":"https:\/\/gl-hospitality.com\/fr\/wp-json\/wp\/v2\/types\/page"}],"author":[{"embeddable":true,"href":"https:\/\/gl-hospitality.com\/fr\/wp-json\/wp\/v2\/users\/3"}],"replies":[{"embeddable":true,"href":"https:\/\/gl-hospitality.com\/fr\/wp-json\/wp\/v2\/comments?post=386"}],"version-history":[{"count":7,"href":"https:\/\/gl-hospitality.com\/fr\/wp-json\/wp\/v2\/pages\/386\/revisions"}],"predecessor-version":[{"id":1907,"href":"https:\/\/gl-hospitality.com\/fr\/wp-json\/wp\/v2\/pages\/386\/revisions\/1907"}],"wp:featuredmedia":[{"embeddable":true,"href":"https:\/\/gl-hospitality.com\/fr\/wp-json\/wp\/v2\/media\/314"}],"wp:attachment":[{"href":"https:\/\/gl-hospitality.com\/fr\/wp-json\/wp\/v2\/media?parent=386"}],"curies":[{"name":"wp","href":"https:\/\/api.w.org\/{rel}","templated":true}]}}