{"id":1113,"date":"2025-09-04T10:45:49","date_gmt":"2025-09-04T08:45:49","guid":{"rendered":"https:\/\/gl-hospitality.com\/?page_id=1113"},"modified":"2025-11-03T14:03:17","modified_gmt":"2025-11-03T13:03:17","slug":"salle-de-reunion-seminaire-a-liege","status":"publish","type":"page","link":"https:\/\/gl-hospitality.com\/fr\/salle-de-reunion-seminaire-a-liege\/","title":{"rendered":"Votre r\u00e9union \u00e0 Li\u00e8ge Airport"},"content":{"rendered":"","protected":false},"excerpt":{"rendered":"","protected":false},"author":3,"featured_media":0,"parent":0,"menu_order":0,"comment_status":"closed","ping_status":"closed","template":"","meta":{"_acf_changed":false,"footnotes":""},"class_list":["post-1113","page","type-page","status-publish","hentry"],"acf":[],"_links":{"self":[{"href":"https:\/\/gl-hospitality.com\/fr\/wp-json\/wp\/v2\/pages\/1113","targetHints":{"allow":["GET"]}}],"collection":[{"href":"https:\/\/gl-hospitality.com\/fr\/wp-json\/wp\/v2\/pages"}],"about":[{"href":"https:\/\/gl-hospitality.com\/fr\/wp-json\/wp\/v2\/types\/page"}],"author":[{"embeddable":true,"href":"https:\/\/gl-hospitality.com\/fr\/wp-json\/wp\/v2\/users\/3"}],"replies":[{"embeddable":true,"href":"https:\/\/gl-hospitality.com\/fr\/wp-json\/wp\/v2\/comments?post=1113"}],"version-history":[{"count":36,"href":"https:\/\/gl-hospitality.com\/fr\/wp-json\/wp\/v2\/pages\/1113\/revisions"}],"predecessor-version":[{"id":1884,"href":"https:\/\/gl-hospitality.com\/fr\/wp-json\/wp\/v2\/pages\/1113\/revisions\/1884"}],"wp:attachment":[{"href":"https:\/\/gl-hospitality.com\/fr\/wp-json\/wp\/v2\/media?parent=1113"}],"curies":[{"name":"wp","href":"https:\/\/api.w.org\/{rel}","templated":true}]}}